{"id":804,"date":"2022-04-27T17:31:19","date_gmt":"2022-04-27T17:31:19","guid":{"rendered":"https:\/\/brukenpipes.com\/profesionales\/?post_type=product&#038;p=804"},"modified":"2023-11-26T10:20:55","modified_gmt":"2023-11-26T10:20:55","slug":"pipa-bruselas-1008-mediterraneo","status":"publish","type":"product","link":"https:\/\/brukenpipes.com\/profesionales\/producto\/pipa-bruselas-1008-mediterraneo\/","title":{"rendered":"PIPA BRUSELAS 1008 &#8211; MEDITERR\u00c1NEO"},"content":{"rendered":"<table>\n<tbody>\n<tr>\n<td width=\"180\"><strong>MODELO:<\/strong><\/td>\n<td width=\"387\"><strong>1008<\/strong><\/td>\n<\/tr>\n<tr>\n<td width=\"180\"><strong>SHAPE:<\/strong><\/td>\n<td width=\"387\">Bent Billiard<\/td>\n<\/tr>\n<tr>\n<td width=\"180\"><strong>COLECCI\u00d3N:<\/strong><\/td>\n<td width=\"387\">Bruselas<\/td>\n<\/tr>\n<tr>\n<td width=\"180\"><strong>ACABADO:<\/strong><\/td>\n<td width=\"387\">Mediterr\u00e1neo<\/td>\n<\/tr>\n<tr>\n<td width=\"180\"><strong>GRADO\/CALIDAD:<\/strong><\/td>\n<td width=\"387\">G3<\/td>\n<\/tr>\n<tr>\n<td width=\"180\"><strong>MADERA:<\/strong><\/td>\n<td width=\"387\">Brezo<\/td>\n<\/tr>\n<tr>\n<td width=\"180\"><strong>MAT. BOQUILLA:<\/strong><\/td>\n<td width=\"387\">Acr\u00edlico<\/td>\n<\/tr>\n<tr>\n<td width=\"180\"><strong>FILTRO:<\/strong><\/td>\n<td width=\"387\">9mm<\/td>\n<\/tr>\n<tr>\n<td width=\"180\"><strong>PESO:<\/strong><\/td>\n<td width=\"387\">60 g<\/td>\n<\/tr>\n<tr>\n<td width=\"180\"><strong>LARGO:<\/strong><\/td>\n<td width=\"387\">125 mm<\/td>\n<\/tr>\n<tr>\n<td width=\"180\"><strong>ALTURA:<\/strong><\/td>\n<td width=\"387\">51 mm<\/td>\n<\/tr>\n<tr>\n<td width=\"180\"><strong>DIAMETRO EXTERIOR:<\/strong><\/td>\n<td width=\"387\">32 mm<\/td>\n<\/tr>\n<tr>\n<td width=\"180\"><strong>DIAMETRO HORNILLO:<\/strong><\/td>\n<td width=\"387\">19,5 mm<\/td>\n<\/tr>\n<tr>\n<td width=\"180\"><strong>PROF. HORNILLO:<\/strong><\/td>\n<td width=\"387\">35 mm<\/td>\n<\/tr>\n<\/tbody>\n<\/table>\n<p>&nbsp;<\/p>\n","protected":false},"excerpt":{"rendered":"<p>Pipa Bruken de la colecci\u00f3n Bruselas, con acabado Mediterr\u00e1neo. La colecci\u00f3n Bruselas est\u00e1 formada por 6 modelos de pipas, con un dise\u00f1o cl\u00e1sico y exclusivo. Realizadas con madera de ra\u00edz de brezo de alta calidad. Est\u00e1n adornadas con un anillo de madera de Boj incrustado en el ca\u00f1o de la cazoleta. La boquilla es de metacrilato con filtro de 9mm. Cada modelo est\u00e1 disponible en 4 tipos de acabados: Rioja (Calidad Premium), Mediterr\u00e1neo (Calidad Extra) Cherry (Calidad Selecta) y Full Rustic (Calidad Standard).<\/p>\n","protected":false},"featured_media":805,"template":"","meta":{"ocean_post_layout":"","ocean_both_sidebars_style":"","ocean_both_sidebars_content_width":0,"ocean_both_sidebars_sidebars_width":0,"ocean_sidebar":"0","ocean_second_sidebar":"0","ocean_disable_margins":"enable","ocean_add_body_class":"","ocean_shortcode_before_top_bar":"","ocean_shortcode_after_top_bar":"","ocean_shortcode_before_header":"","ocean_shortcode_after_header":"","ocean_has_shortcode":"","ocean_shortcode_after_title":"","ocean_shortcode_before_footer_widgets":"","ocean_shortcode_after_footer_widgets":"","ocean_shortcode_before_footer_bottom":"","ocean_shortcode_after_footer_bottom":"","ocean_display_top_bar":"default","ocean_display_header":"default","ocean_header_style":"","ocean_center_header_left_menu":"0","ocean_custom_header_template":"0","ocean_custom_logo":0,"ocean_custom_retina_logo":0,"ocean_custom_logo_max_width":0,"ocean_custom_logo_tablet_max_width":0,"ocean_custom_logo_mobile_max_width":0,"ocean_custom_logo_max_height":0,"ocean_custom_logo_tablet_max_height":0,"ocean_custom_logo_mobile_max_height":0,"ocean_header_custom_menu":"0","ocean_menu_typo_font_family":"0","ocean_menu_typo_font_subset":"","ocean_menu_typo_font_size":0,"ocean_menu_typo_font_size_tablet":0,"ocean_menu_typo_font_size_mobile":0,"ocean_menu_typo_font_size_unit":"px","ocean_menu_typo_font_weight":"","ocean_menu_typo_font_weight_tablet":"","ocean_menu_typo_font_weight_mobile":"","ocean_menu_typo_transform":"","ocean_menu_typo_transform_tablet":"","ocean_menu_typo_transform_mobile":"","ocean_menu_typo_line_height":0,"ocean_menu_typo_line_height_tablet":0,"ocean_menu_typo_line_height_mobile":0,"ocean_menu_typo_line_height_unit":"","ocean_menu_typo_spacing":0,"ocean_menu_typo_spacing_tablet":0,"ocean_menu_typo_spacing_mobile":0,"ocean_menu_typo_spacing_unit":"","ocean_menu_link_color":"","ocean_menu_link_color_hover":"","ocean_menu_link_color_active":"","ocean_menu_link_background":"","ocean_menu_link_hover_background":"","ocean_menu_link_active_background":"","ocean_menu_social_links_bg":"","ocean_menu_social_hover_links_bg":"","ocean_menu_social_links_color":"","ocean_menu_social_hover_links_color":"","ocean_disable_title":"default","ocean_disable_heading":"default","ocean_post_title":"","ocean_post_subheading":"","ocean_post_title_style":"","ocean_post_title_background_color":"","ocean_post_title_background":0,"ocean_post_title_bg_image_position":"","ocean_post_title_bg_image_attachment":"","ocean_post_title_bg_image_repeat":"","ocean_post_title_bg_image_size":"","ocean_post_title_height":0,"ocean_post_title_bg_overlay":0.5,"ocean_post_title_bg_overlay_color":"","ocean_disable_breadcrumbs":"default","ocean_breadcrumbs_color":"","ocean_breadcrumbs_separator_color":"","ocean_breadcrumbs_links_color":"","ocean_breadcrumbs_links_hover_color":"","ocean_display_footer_widgets":"default","ocean_display_footer_bottom":"default","ocean_custom_footer_template":"0"},"product_brand":[],"product_cat":[29],"product_tag":[32],"class_list":{"0":"post-804","1":"product","2":"type-product","3":"status-publish","4":"has-post-thumbnail","6":"product_cat-pipas-bruken-bruselas-1008","7":"product_tag-acabado-mediterraneo","9":"entry","10":"has-media","12":"first","13":"instock","14":"taxable","15":"shipping-taxable","16":"purchasable","17":"product-type-simple","18":"col","19":"span_1_of_3","20":"owp-content-center","21":"item-entry","22":"owp-thumbs-layout-vertical","23":"owp-btn-normal","24":"owp-tabs-layout-horizontal"},"_links":{"self":[{"href":"https:\/\/brukenpipes.com\/profesionales\/wp-json\/wp\/v2\/product\/804","targetHints":{"allow":["GET"]}}],"collection":[{"href":"https:\/\/brukenpipes.com\/profesionales\/wp-json\/wp\/v2\/product"}],"about":[{"href":"https:\/\/brukenpipes.com\/profesionales\/wp-json\/wp\/v2\/types\/product"}],"wp:featuredmedia":[{"embeddable":true,"href":"https:\/\/brukenpipes.com\/profesionales\/wp-json\/wp\/v2\/media\/805"}],"wp:attachment":[{"href":"https:\/\/brukenpipes.com\/profesionales\/wp-json\/wp\/v2\/media?parent=804"}],"wp:term":[{"taxonomy":"product_brand","embeddable":true,"href":"https:\/\/brukenpipes.com\/profesionales\/wp-json\/wp\/v2\/product_brand?post=804"},{"taxonomy":"product_cat","embeddable":true,"href":"https:\/\/brukenpipes.com\/profesionales\/wp-json\/wp\/v2\/product_cat?post=804"},{"taxonomy":"product_tag","embeddable":true,"href":"https:\/\/brukenpipes.com\/profesionales\/wp-json\/wp\/v2\/product_tag?post=804"}],"curies":[{"name":"wp","href":"https:\/\/api.w.org\/{rel}","templated":true}]}}