{"id":2079,"date":"2023-07-06T22:45:57","date_gmt":"2023-07-06T22:45:57","guid":{"rendered":"https:\/\/brukenpipes.com\/profesionales\/?post_type=product&#038;p=2079"},"modified":"2023-11-26T10:25:11","modified_gmt":"2023-11-26T10:25:11","slug":"pipa-2001-mini-churchwarden-416-bent-dublin","status":"publish","type":"product","link":"https:\/\/brukenpipes.com\/profesionales\/producto\/pipa-2001-mini-churchwarden-416-bent-dublin\/","title":{"rendered":"PIPA 2001 MINI CHURCHWARDEN 416 BENT DUBLIN"},"content":{"rendered":"<table style=\"height: 755px;\" width=\"693\">\n<tbody>\n<tr>\n<td width=\"180\"><strong>MODELO:<\/strong><\/td>\n<td width=\"387\"><strong>416<\/strong><\/td>\n<\/tr>\n<tr>\n<td width=\"180\"><strong>SHAPE:<\/strong><\/td>\n<td width=\"387\">Bent Dublin<\/td>\n<\/tr>\n<tr>\n<td width=\"180\"><strong>COLECCI\u00d3N:<\/strong><\/td>\n<td width=\"387\">2001 Mini Churchwarden<\/td>\n<\/tr>\n<tr>\n<td width=\"180\"><strong>ACABADO:<\/strong><\/td>\n<td width=\"387\">Tabaco<\/td>\n<\/tr>\n<tr>\n<td width=\"180\"><strong>GRADO\/CALIDAD:<\/strong><\/td>\n<td width=\"387\">G1<\/td>\n<\/tr>\n<tr>\n<td width=\"180\"><strong>MADERA:<\/strong><\/td>\n<td width=\"387\">Brezo<\/td>\n<\/tr>\n<tr>\n<td width=\"180\"><strong>MAT. BOQUILLA:<\/strong><\/td>\n<td width=\"387\">Ebonita<\/td>\n<\/tr>\n<tr>\n<td width=\"180\"><strong>FILTRO:<\/strong><\/td>\n<td width=\"387\">No<\/td>\n<\/tr>\n<tr>\n<td width=\"180\"><strong>PESO:<\/strong><\/td>\n<td width=\"387\">18,5 g<\/td>\n<\/tr>\n<tr>\n<td width=\"180\"><strong>LARGO:<\/strong><\/td>\n<td width=\"387\">170 mm<\/td>\n<\/tr>\n<tr>\n<td width=\"180\"><strong>ALTURA:<\/strong><\/td>\n<td width=\"387\">40 mm<\/td>\n<\/tr>\n<tr>\n<td width=\"180\"><strong>DIAMETRO EXTERIOR:<\/strong><\/td>\n<td width=\"387\">27 mm<\/td>\n<\/tr>\n<tr>\n<td width=\"180\"><strong>DIAMETRO HORNILLO:<\/strong><\/td>\n<td width=\"387\">16 mm<\/td>\n<\/tr>\n<tr>\n<td width=\"180\"><strong>PROF. HORNILLO:<\/strong><\/td>\n<td width=\"387\">33 mm<\/td>\n<\/tr>\n<\/tbody>\n<\/table>\n","protected":false},"excerpt":{"rendered":"<p>Colecci\u00f3n creada en 2001, ideal para fumadas cortas. Una de sus ventajas es que se puede fumar tabaco de liar, m\u00e1s fresco, m\u00e1s c\u00f3modo y a corto plazo m\u00e1s econ\u00f3mico. Disponible en 3 modelos (Bent Dublin, Bent Apple y Cuty) con acabado Cherry.<\/p>\n","protected":false},"featured_media":2055,"template":"","meta":{"ocean_post_layout":"","ocean_both_sidebars_style":"","ocean_both_sidebars_content_width":0,"ocean_both_sidebars_sidebars_width":0,"ocean_sidebar":"0","ocean_second_sidebar":"0","ocean_disable_margins":"enable","ocean_add_body_class":"","ocean_shortcode_before_top_bar":"","ocean_shortcode_after_top_bar":"","ocean_shortcode_before_header":"","ocean_shortcode_after_header":"","ocean_has_shortcode":"","ocean_shortcode_after_title":"","ocean_shortcode_before_footer_widgets":"","ocean_shortcode_after_footer_widgets":"","ocean_shortcode_before_footer_bottom":"","ocean_shortcode_after_footer_bottom":"","ocean_display_top_bar":"default","ocean_display_header":"default","ocean_header_style":"","ocean_center_header_left_menu":"0","ocean_custom_header_template":"0","ocean_custom_logo":0,"ocean_custom_retina_logo":0,"ocean_custom_logo_max_width":0,"ocean_custom_logo_tablet_max_width":0,"ocean_custom_logo_mobile_max_width":0,"ocean_custom_logo_max_height":0,"ocean_custom_logo_tablet_max_height":0,"ocean_custom_logo_mobile_max_height":0,"ocean_header_custom_menu":"0","ocean_menu_typo_font_family":"0","ocean_menu_typo_font_subset":"","ocean_menu_typo_font_size":0,"ocean_menu_typo_font_size_tablet":0,"ocean_menu_typo_font_size_mobile":0,"ocean_menu_typo_font_size_unit":"px","ocean_menu_typo_font_weight":"","ocean_menu_typo_font_weight_tablet":"","ocean_menu_typo_font_weight_mobile":"","ocean_menu_typo_transform":"","ocean_menu_typo_transform_tablet":"","ocean_menu_typo_transform_mobile":"","ocean_menu_typo_line_height":0,"ocean_menu_typo_line_height_tablet":0,"ocean_menu_typo_line_height_mobile":0,"ocean_menu_typo_line_height_unit":"","ocean_menu_typo_spacing":0,"ocean_menu_typo_spacing_tablet":0,"ocean_menu_typo_spacing_mobile":0,"ocean_menu_typo_spacing_unit":"","ocean_menu_link_color":"","ocean_menu_link_color_hover":"","ocean_menu_link_color_active":"","ocean_menu_link_background":"","ocean_menu_link_hover_background":"","ocean_menu_link_active_background":"","ocean_menu_social_links_bg":"","ocean_menu_social_hover_links_bg":"","ocean_menu_social_links_color":"","ocean_menu_social_hover_links_color":"","ocean_disable_title":"default","ocean_disable_heading":"default","ocean_post_title":"","ocean_post_subheading":"","ocean_post_title_style":"","ocean_post_title_background_color":"","ocean_post_title_background":0,"ocean_post_title_bg_image_position":"","ocean_post_title_bg_image_attachment":"","ocean_post_title_bg_image_repeat":"","ocean_post_title_bg_image_size":"","ocean_post_title_height":0,"ocean_post_title_bg_overlay":0.5,"ocean_post_title_bg_overlay_color":"","ocean_disable_breadcrumbs":"default","ocean_breadcrumbs_color":"","ocean_breadcrumbs_separator_color":"","ocean_breadcrumbs_links_color":"","ocean_breadcrumbs_links_hover_color":"","ocean_display_footer_widgets":"default","ocean_display_footer_bottom":"default","ocean_custom_footer_template":"0"},"product_brand":[],"product_cat":[113],"product_tag":[100,145,144,122,141],"class_list":{"0":"post-2079","1":"product","2":"type-product","3":"status-publish","4":"has-post-thumbnail","6":"product_cat-2001-mini-churchwarden","7":"product_tag-acabado-tabaco","8":"product_tag-churchwarden","9":"product_tag-pipa-mini","10":"product_tag-shape-bent-dublin","11":"product_tag-sin-filtro","13":"entry","14":"has-media","16":"first","17":"instock","18":"taxable","19":"shipping-taxable","20":"purchasable","21":"product-type-simple","22":"col","23":"span_1_of_3","24":"owp-content-center","25":"item-entry","26":"owp-thumbs-layout-vertical","27":"owp-btn-normal","28":"owp-tabs-layout-horizontal"},"_links":{"self":[{"href":"https:\/\/brukenpipes.com\/profesionales\/wp-json\/wp\/v2\/product\/2079","targetHints":{"allow":["GET"]}}],"collection":[{"href":"https:\/\/brukenpipes.com\/profesionales\/wp-json\/wp\/v2\/product"}],"about":[{"href":"https:\/\/brukenpipes.com\/profesionales\/wp-json\/wp\/v2\/types\/product"}],"wp:featuredmedia":[{"embeddable":true,"href":"https:\/\/brukenpipes.com\/profesionales\/wp-json\/wp\/v2\/media\/2055"}],"wp:attachment":[{"href":"https:\/\/brukenpipes.com\/profesionales\/wp-json\/wp\/v2\/media?parent=2079"}],"wp:term":[{"taxonomy":"product_brand","embeddable":true,"href":"https:\/\/brukenpipes.com\/profesionales\/wp-json\/wp\/v2\/product_brand?post=2079"},{"taxonomy":"product_cat","embeddable":true,"href":"https:\/\/brukenpipes.com\/profesionales\/wp-json\/wp\/v2\/product_cat?post=2079"},{"taxonomy":"product_tag","embeddable":true,"href":"https:\/\/brukenpipes.com\/profesionales\/wp-json\/wp\/v2\/product_tag?post=2079"}],"curies":[{"name":"wp","href":"https:\/\/api.w.org\/{rel}","templated":true}]}}