{"id":1634,"date":"2022-09-29T17:58:32","date_gmt":"2022-09-29T17:58:32","guid":{"rendered":"https:\/\/brukenpipes.com\/profesionales\/?post_type=product&#038;p=1634"},"modified":"2023-11-26T10:28:31","modified_gmt":"2023-11-26T10:28:31","slug":"pipo-sf-1011-mediterraneo","status":"publish","type":"product","link":"https:\/\/brukenpipes.com\/profesionales\/producto\/pipo-sf-1011-mediterraneo\/","title":{"rendered":"PIPO SF 1011 MEDITERR\u00c1NEO"},"content":{"rendered":"<table style=\"height: 466px;\" width=\"688\">\n<tbody>\n<tr>\n<td width=\"180\"><strong>MODELO:<\/strong><\/td>\n<td width=\"387\"><strong>1011<\/strong><\/td>\n<\/tr>\n<tr>\n<td width=\"180\"><strong>SHAPE:<\/strong><\/td>\n<td width=\"387\">Prince<\/td>\n<\/tr>\n<tr>\n<td width=\"180\"><strong>COLECCI\u00d3N:<\/strong><\/td>\n<td width=\"387\">Pipo-SF<\/td>\n<\/tr>\n<tr>\n<td width=\"180\"><strong>ACABADO:<\/strong><\/td>\n<td width=\"387\">Mediterr\u00e1neo<\/td>\n<\/tr>\n<tr>\n<td width=\"180\"><strong>GRADO\/CALIDAD:<\/strong><\/td>\n<td width=\"387\">G3<\/td>\n<\/tr>\n<tr>\n<td width=\"180\"><strong>MADERA:<\/strong><\/td>\n<td width=\"387\">Brezo<\/td>\n<\/tr>\n<tr>\n<td width=\"180\"><strong>MAT. BOQUILLA:<\/strong><\/td>\n<td width=\"387\">Ebonita<\/td>\n<\/tr>\n<tr>\n<td width=\"180\"><strong>FILTRO:<\/strong><\/td>\n<td width=\"387\">No<\/td>\n<\/tr>\n<tr>\n<td width=\"180\"><strong>PESO:<\/strong><\/td>\n<td width=\"387\">27,5 g<\/td>\n<\/tr>\n<tr>\n<td width=\"180\"><strong>LARGO:<\/strong><\/td>\n<td width=\"387\">113 mm<\/td>\n<\/tr>\n<tr>\n<td width=\"180\"><strong>ALTURA:<\/strong><\/td>\n<td width=\"387\">33 mm<\/td>\n<\/tr>\n<tr>\n<td width=\"180\"><strong>DIAMETRO EXTERIOR:<\/strong><\/td>\n<td width=\"387\">29 mm<\/td>\n<\/tr>\n<tr>\n<td width=\"180\"><strong>DIAMETRO HORNILLO:<\/strong><\/td>\n<td width=\"387\">18 mm<\/td>\n<\/tr>\n<tr>\n<td width=\"180\"><strong>PROF. HORNILLO:<\/strong><\/td>\n<td width=\"387\">24 mm<\/td>\n<\/tr>\n<\/tbody>\n<\/table>\n<p>&nbsp;<\/p>\n","protected":false},"excerpt":{"rendered":"<p>Pipa Bruken de la colecci\u00f3n Pipo, que se caracterizan por su menor tama\u00f1o pero no por ello menor calidad ni dise\u00f1o. Ideal para fumadas cortas muy apreciada por su versatilidad y practicidad. La colecci\u00f3n Pipo de Bruken est\u00e1 dividida principalmente en 2 tipos: la Pipo con filtro de 9 mm y la Pipo Sin Filtro. Ambas con sus respectivas referencias, dise\u00f1os y acabados propios de Bruken (Rioja, Mediterr\u00e1neo y Rustic).<\/p>\n","protected":false},"featured_media":1624,"template":"","meta":{"ocean_post_layout":"","ocean_both_sidebars_style":"","ocean_both_sidebars_content_width":0,"ocean_both_sidebars_sidebars_width":0,"ocean_sidebar":"0","ocean_second_sidebar":"0","ocean_disable_margins":"enable","ocean_add_body_class":"","ocean_shortcode_before_top_bar":"","ocean_shortcode_after_top_bar":"","ocean_shortcode_before_header":"","ocean_shortcode_after_header":"","ocean_has_shortcode":"","ocean_shortcode_after_title":"","ocean_shortcode_before_footer_widgets":"","ocean_shortcode_after_footer_widgets":"","ocean_shortcode_before_footer_bottom":"","ocean_shortcode_after_footer_bottom":"","ocean_display_top_bar":"default","ocean_display_header":"default","ocean_header_style":"","ocean_center_header_left_menu":"0","ocean_custom_header_template":"0","ocean_custom_logo":0,"ocean_custom_retina_logo":0,"ocean_custom_logo_max_width":0,"ocean_custom_logo_tablet_max_width":0,"ocean_custom_logo_mobile_max_width":0,"ocean_custom_logo_max_height":0,"ocean_custom_logo_tablet_max_height":0,"ocean_custom_logo_mobile_max_height":0,"ocean_header_custom_menu":"0","ocean_menu_typo_font_family":"0","ocean_menu_typo_font_subset":"","ocean_menu_typo_font_size":0,"ocean_menu_typo_font_size_tablet":0,"ocean_menu_typo_font_size_mobile":0,"ocean_menu_typo_font_size_unit":"px","ocean_menu_typo_font_weight":"","ocean_menu_typo_font_weight_tablet":"","ocean_menu_typo_font_weight_mobile":"","ocean_menu_typo_transform":"","ocean_menu_typo_transform_tablet":"","ocean_menu_typo_transform_mobile":"","ocean_menu_typo_line_height":0,"ocean_menu_typo_line_height_tablet":0,"ocean_menu_typo_line_height_mobile":0,"ocean_menu_typo_line_height_unit":"","ocean_menu_typo_spacing":0,"ocean_menu_typo_spacing_tablet":0,"ocean_menu_typo_spacing_mobile":0,"ocean_menu_typo_spacing_unit":"","ocean_menu_link_color":"","ocean_menu_link_color_hover":"","ocean_menu_link_color_active":"","ocean_menu_link_background":"","ocean_menu_link_hover_background":"","ocean_menu_link_active_background":"","ocean_menu_social_links_bg":"","ocean_menu_social_hover_links_bg":"","ocean_menu_social_links_color":"","ocean_menu_social_hover_links_color":"","ocean_disable_title":"default","ocean_disable_heading":"default","ocean_post_title":"","ocean_post_subheading":"","ocean_post_title_style":"","ocean_post_title_background_color":"","ocean_post_title_background":0,"ocean_post_title_bg_image_position":"","ocean_post_title_bg_image_attachment":"","ocean_post_title_bg_image_repeat":"","ocean_post_title_bg_image_size":"","ocean_post_title_height":0,"ocean_post_title_bg_overlay":0.5,"ocean_post_title_bg_overlay_color":"","ocean_disable_breadcrumbs":"default","ocean_breadcrumbs_color":"","ocean_breadcrumbs_separator_color":"","ocean_breadcrumbs_links_color":"","ocean_breadcrumbs_links_hover_color":"","ocean_display_footer_widgets":"default","ocean_display_footer_bottom":"default","ocean_custom_footer_template":"0"},"product_brand":[],"product_cat":[90],"product_tag":[32,140,141],"class_list":{"0":"post-1634","1":"product","2":"type-product","3":"status-publish","4":"has-post-thumbnail","6":"product_cat-pipo-sf-1011","7":"product_tag-acabado-mediterraneo","8":"product_tag-shape-prince","9":"product_tag-sin-filtro","11":"entry","12":"has-media","14":"first","15":"instock","16":"taxable","17":"shipping-taxable","18":"purchasable","19":"product-type-simple","20":"col","21":"span_1_of_3","22":"owp-content-center","23":"item-entry","24":"owp-thumbs-layout-vertical","25":"owp-btn-normal","26":"owp-tabs-layout-horizontal"},"_links":{"self":[{"href":"https:\/\/brukenpipes.com\/profesionales\/wp-json\/wp\/v2\/product\/1634","targetHints":{"allow":["GET"]}}],"collection":[{"href":"https:\/\/brukenpipes.com\/profesionales\/wp-json\/wp\/v2\/product"}],"about":[{"href":"https:\/\/brukenpipes.com\/profesionales\/wp-json\/wp\/v2\/types\/product"}],"wp:featuredmedia":[{"embeddable":true,"href":"https:\/\/brukenpipes.com\/profesionales\/wp-json\/wp\/v2\/media\/1624"}],"wp:attachment":[{"href":"https:\/\/brukenpipes.com\/profesionales\/wp-json\/wp\/v2\/media?parent=1634"}],"wp:term":[{"taxonomy":"product_brand","embeddable":true,"href":"https:\/\/brukenpipes.com\/profesionales\/wp-json\/wp\/v2\/product_brand?post=1634"},{"taxonomy":"product_cat","embeddable":true,"href":"https:\/\/brukenpipes.com\/profesionales\/wp-json\/wp\/v2\/product_cat?post=1634"},{"taxonomy":"product_tag","embeddable":true,"href":"https:\/\/brukenpipes.com\/profesionales\/wp-json\/wp\/v2\/product_tag?post=1634"}],"curies":[{"name":"wp","href":"https:\/\/api.w.org\/{rel}","templated":true}]}}