{"id":730,"date":"2023-08-02T15:46:59","date_gmt":"2023-08-02T15:46:59","guid":{"rendered":"https:\/\/brukenpipes.com\/profesionales\/?page_id=730"},"modified":"2023-11-26T10:12:31","modified_gmt":"2023-11-26T10:12:31","slug":"terminos-y-condiciones-de-compra","status":"publish","type":"page","link":"https:\/\/brukenpipes.com\/profesionales\/terminos-y-condiciones-de-compra\/","title":{"rendered":"T\u00e9rminos y condiciones de compra"},"content":{"rendered":"\n<div class=\"wp-block-columns is-layout-flex wp-container-core-columns-is-layout-9d6595d7 wp-block-columns-is-layout-flex\">\n<div class=\"wp-block-column is-layout-flow wp-block-column-is-layout-flow\" style=\"flex-basis:15%\"><\/div>\n\n\n\n<div class=\"wp-block-column is-layout-flow wp-block-column-is-layout-flow\" style=\"flex-basis:70%\">\n<h2 class=\"wp-block-heading has-text-align-center\">T\u00c9RMINOS Y CONDICIONES DE COMPRA<\/h2>\n\n\n\n<div style=\"height:40px\" aria-hidden=\"true\" class=\"wp-block-spacer\"><\/div>\n\n\n\n<p>Las Condiciones Generales de Venta regulan la relaci\u00f3n de venta a distancia entre Sucesores de Emilio Navarro, S.L. y el usuario o cliente, de acuerdo con las estipulaciones legales, en especial, la Ley 7\/1998, de 13 de abril, sobre Condiciones Generales de Contrataci\u00f3n, la Ley 3\/2014, de 27 de marzo por la que se modifica el texto refundido de la Ley General para la Defensa de los consumidores y Usuarios, la Ley 7\/1996, de 15 de enero de Ordenaci\u00f3n del Comercio Minorista, la Ley 34\/2002 de 11 de julio, de Servicios de la Sociedad de la Informaci\u00f3n y de Comercio Electr\u00f3nico, y el Reglamento (UE) 2016\/679 del Parlamento Europeo y del Consejo, de 27 de abril de 2016, relativo a la protecci\u00f3n de las personas f\u00edsicas en lo que respecta al tratamiento de datos personales y a la libre circulaci\u00f3n de estos datos, as\u00ed como a la Ley Org\u00e1nica 3\/2018, de 5 de diciembre, de Protecci\u00f3n de Datos Personales y Garant\u00eda de Derechos Digitales.<\/p>\n\n\n\n<h3 class=\"wp-block-heading\">Datos identificadores<\/h3>\n\n\n\n<p>Sucesores de Emilio Navarro, S.L.<br>B46046140<br>C\/ Virgen del Remedio, 16. 46960 Aldaia \u2013 Valencia \u2013 Espa\u00f1a.<br>Tel. 0034 961 501 023<br>info@bruken.es<\/p>\n\n\n\n<p><strong>SERVICIO DE ATENCI\u00d3N AL CLIENTE:<br><\/strong>Para cualquier informaci\u00f3n, pregunta o consejo, nuestro departamento de atenci\u00f3n al cliente est\u00e1 a su disposici\u00f3n. Puede contactar con Sucesores de Emilio Navarro, S.L. utilizando los datos y medios especificados anteriormente.<\/p>\n\n\n\n<h3 class=\"wp-block-heading\">Objeto<\/h3>\n\n\n\n<p>El objeto de la p\u00e1gina web es publicitar y ofertar productos de pipas y relacionados. Las siguientes Condiciones Generales regulan el uso del sitio brukenpipes.com, del que Sucesores de Emilio Navarro, S.L. es titular. Las presentes condiciones son v\u00e1lidas a partir de la realizaci\u00f3n de cualquier pedido. No se acepta ninguna otra condici\u00f3n, a menos que se haya pactado previamente por escrito.<\/p>\n\n\n\n<h3 class=\"wp-block-heading\">Garant\u00eda y responsabilidad<\/h3>\n\n\n\n<p>Todos los productos ofrecidos por Sucesores de Emilio Navarro, S.L. a trav\u00e9s de su p\u00e1gina web, responden a art\u00edculos de primera calidad, hechos a mano de forma artesanal o en otros casos proceden de firmas con s\u00f3lida implantaci\u00f3n a nivel Mundial. Cada una de las pipas y el resto de productos elaborados de forma artesana, por su naturaleza son \u00fanicos y exclusivos, por lo que las im\u00e1genes de nuestra tienda son orientativas y carecen de car\u00e1cter contractual. A pesar de ello, en Bruken garantizamos el env\u00edo de pipas de igual calidad y caracter\u00edsticas.<br><br>Las pipas que fabricamos y enviamos a nuestros clientes pueden sufrir peque\u00f1as variaciones respecto a los tama\u00f1os y dimensiones que aparecen especificados en la ficha t\u00e9cnica de cada pipa. Por nuestra estricta pol\u00edtica de calidad, dichas variaciones no superar\u00e1n nunca el 10% de diferencia respecto a la ficha. <\/p>\n\n\n\n<p>Si un producto resulta defectuoso estamos autorizados para realizar un suministro posterior del producto en condiciones \u00f3ptimas. La empresa no se responsabiliza de los da\u00f1os que resultan de un uso incorrecto o fraudulento. Tampoco es posible garantizar la tolerancia individual de nuestros productos en casos concretos.<br><br>Sucesores de Emilio Navarro, S.L. pone a disposici\u00f3n del cliente o parte compradora un servicio propio de orientaci\u00f3n postventa y de atenci\u00f3n al cliente: info@brukenpipes.com &#8211; Tel. 0034 961 501 023.<\/p>\n\n\n\n<h3 class=\"wp-block-heading\">Precios<\/h3>\n\n\n\n<p>Todos los precios que figuran en la Web est\u00e1n indicados en Euros \u20ac, y llevan incluido el IVA. Si fuera aplicable cualquier otro impuesto, as\u00ed se indicar\u00eda. Los precios que se aplicar\u00e1n son los vigentes en el momento de confirmar la compra y no incluyen el coste de los gastos de env\u00edo o de entrega y pueden cambiar durante el a\u00f1o factur\u00e1ndose seg\u00fan la tarifa en vigor en el momento de la grabaci\u00f3n del pedido. Los productos ser\u00e1n propiedad de Sucesores de Emilio Navarro, S.L. mientras no sean abonados en su totalidad. El precio de los gastos de env\u00edo depender\u00e1 de la zona y cantidad de la compra, siendo gratuito el env\u00edo en el caso de compras superiores a 60 \u20ac. Los gastos del transporte se calcular\u00e1n en el momento de formalizar la compra y se sumar\u00e1 al precio del producto.<\/p>\n\n\n\n<h3 class=\"wp-block-heading\">Pedido<\/h3>\n\n\n\n<p>Cuando el cliente confirma su pedido, declara aceptar el mismo. Desde que el pedido es grabado, el cliente recibir\u00e1 un recibo detallado del mismo a su direcci\u00f3n de correo electr\u00f3nico, en el cual se indicar\u00e1 el importe exacto facturado. Sucesores de Emilio Navarro, S.L. se reserva el derecho de anular todo pedido realizado cualquier motivo o irregularidad del mismo informando de ello al cliente.<\/p>\n\n\n\n<h3 class=\"wp-block-heading\">Pago<\/h3>\n\n\n\n<p>El cliente se compromete a pagar en el momento que realiza el pedido. Al precio inicial que figure en el sitio web para cada uno de los productos ofrecidos se le sumar\u00e1n las tarifas correspondientes a los gastos de env\u00edo pertinentes. En cualquier caso, dichas tarifas ser\u00e1n comunicadas previamente al cliente antes de formalizar la propia compra. Sucesores de Emilio Navarro, S.L. ofrece las siguientes modalidades de pago: TPV-Virtual. No existe un importe m\u00ednimo a facturar. Sucesores de Emilio Navarro, S.L. cuenta con las m\u00e1ximas medidas de seguridad comercialmente disponibles en el sector. El proceso de pago funciona sobre un servidor seguro utilizando el protocolo SSL (Secure Socket Layer).<br><br>Al realizar el pago con tarjeta, al hacer click en \u201cautorizar el pago\u201c usted est\u00e1 confirmando que la tarjeta de cr\u00e9dito es suya. Las tarjetas de cr\u00e9dito estar\u00e1n sujetas a comprobaciones y autorizaciones por parte de la entidad emisora de las mismas pero si dicha entidad no autorizase el pago, no nos haremos responsables por ning\u00fan retraso o falta de entrega.<br>\u00abEste comerciante se compromete a no permitir ninguna transacci\u00f3n que sea ilegal, o se considere por las marcas de tarjetas de cr\u00e9dito o el banco adquiriente, que pueda o tenga el potencial de da\u00f1ar la buena voluntad de los mismos o influir de manera negativa en ellos. Las siguientes actividades est\u00e1n prohibidas en virtud de los programas de las marcas de tarjetas: la venta u oferta de un producto o servicio que no sea de plena conformidad con todas las leyes aplicables al Comprador, Banco Emisor, Comerciante, Titular de la tarjeta, o tarjetas.<\/p>\n\n\n\n<h3 class=\"wp-block-heading\">Disponibilidad de productos<\/h3>\n\n\n\n<p>Sucesores de Emilio Navarro, S.L. informar\u00e1 de la no disponibilidad de ciertos productos cuando est\u00e9 agotado el stock, ofreciendo al cliente la posibilidad de reservar o enviar una solicitud de inter\u00e9s por el producto. Una vez repuesto el stock, y previa solicitud de reserva, se enviar\u00e1 un correo electr\u00f3nico informativo de la disponibilidad del mismo. Sin embargo, en caso de la no retirada de los productos en el momento preciso, despu\u00e9s de haberse grabado el pedido, nos comprometemos a dar la opci\u00f3n de cancel\u00e1rselo o informar al cliente sobre el estado del producto y tener la opci\u00f3n de que espere hasta que vuelva a estar en stock. En este caso, el cliente de no querer esperar Sucesores de Emilio Navarro, S.L. le reembolsar\u00e1 el pago de su pedido.<\/p>\n\n\n\n<h3 class=\"wp-block-heading\">Entrega<\/h3>\n\n\n\n<p>Sucesores de Emilio Navarro, S.L. se compromete a entregar el producto en la direcci\u00f3n que el cliente se\u00f1ale en el formulario de pedido. Sucesores de Emilio Navarro, S.L. no ser\u00e1 responsable por los errores de mensajer\u00eda o causados en la entrega cuando la direcci\u00f3n de entrega introducida por el cliente en el formulario de pedido no se ajuste a la realidad o hayan sido omitidos. El cliente no puede requerir una compensaci\u00f3n en el caso de la inejecuci\u00f3n o fallos en la entrega debido a defectos de origen. Los precios de la entrega dependen del peso de la mercanc\u00eda entregada.<br><br>Si por alg\u00fan motivo no pudi\u00e9semos cumplir con la fecha de entrega, le informaremos de esta circunstancia y le daremos la opci\u00f3n de seguir adelante con la compra estableciendo una nueva fecha de entrega o bien anular el pedido con el reembolso total del precio pagado. Se entender\u00e1 que se ha producido la entrega \u201co que el pedido ha sido entregado \u201cen el momento en que usted o un tercero indicado por usted adquiera la posesi\u00f3n material de los productos, lo que se acreditar\u00e1 mediante la firma de la recepci\u00f3n del pedido en la direcci\u00f3n de entrega convenida.<\/p>\n\n\n\n<p>Seg\u00fan stock, con un margen de entre 48 y 72 horas aproximadamente. No realizamos entregas a domicilio los s\u00e1bados ni los domingos. <br><br>Si nos resulta imposible efectuar la entrega de su pedido, intentaremos dejar un lugar seguro para dejarlo. Si no podemos encontrarlo el pedido ser\u00e1 devuelto a nuestro almac\u00e9n. As\u00ed mismo le dejaremos una nota explic\u00e1ndole d\u00f3nde se encuentra su pedido y c\u00f3mo hacer para que le sea enviado de nuevo. Si no va a estar en el lugar de entrega a la hora convenida, le rogamos que se ponga en contacto con nosotros para convenir la entrega otro d\u00eda.<br><br>En el caso de que transcurridos 15 d\u00edas desde que su pedido est\u00e9 disponible para su entrega, el pedido no haya sido entregado por causas no imputables a nosotros, entenderemos que desea desistir del contrato y lo consideraremos resuelto. En consecuencia proceder\u00edamos a devolverle todos los pagos recibidos de usted incluidos lis gastos de entrega (excepto los gastos adicionales resultantes de la elecci\u00f3n por su parte de una modalidad de entrega diferente s la modalidad menos costosa de entrega ordinaria que ofrezcamos), en un plazo m\u00e1ximo de 14 d\u00edas desde la fecha en que consideremos resuelto el contrato.<\/p>\n\n\n\n<h3 class=\"wp-block-heading\">Derecho de desestimiento<\/h3>\n\n\n\n<p>Tiene derecho como consumidor y usuario a desistir en un plazo de 14 d\u00edas naturales sin necesidad de justificaci\u00f3n. El plazo de desestimiento expirar\u00e1 a los 14 d\u00edas naturales del d\u00eda que usted o un tercero por usted indicado, distinto del transportista, adquiri\u00f3 la posesi\u00f3n material de los bienes o en caso de que los bienes que componen su pedido se entreguen por separado, a los 14 d\u00edas naturales del d\u00eda que usted o un tercero indicado por usted, distinto del transportista, adquiri\u00f3 la posesi\u00f3n material del \u00faltimo de esos bienes.<br><br>En caso de desestimiento por su parte, le devolveremos todos los pagos recibidos de usted incluidos los gastos de entrega hasta la direcci\u00f3n de entrega inicial en un plazo de 14 d\u00edas naturales a partir de la fecha en que nos informe de su decisi\u00f3n de desistir. La elecci\u00f3n y gesti\u00f3n de la empresa de transporte y los gastos de devoluci\u00f3n correr\u00e1n a cargo del cliente como se indica en el art. 107.2 y 108 del RD1\/2007, de 16 de noviembre, por el que se aprueba el texto referido de la Ley General para la Defensa de los Consumidores y Usuarios.<br><br>Procederemos a efectuar dicho reembolso utilizando el mismo medio de pago empleado por usted para la transacci\u00f3n inicial.<br>No obstante, podremos retener el reembolso hasta haber recibido los bienes o hasta que usted haya presentado una prueba de la devoluci\u00f3n de los mismos.<br><br>Su derecho a desistir del contrato ser\u00e1 de aplicaci\u00f3n exclusivamente a aquellos productos que se devuelvan en las mismas condiciones en que usted lis recibi\u00f3. No habr\u00e1 reembolso si el producto ha sido usado m\u00e1s all\u00e1 de la mera apertura del mismo, de productos que no est\u00e9n en las mismas condiciones en las que se entregaron o que hayan sufrido alg\u00fan da\u00f1o por lo que deber\u00e1 ser cuidadoso con el\/los productos mientras est\u00e9n en su posesi\u00f3n. Por favor, devuelva el producto usando o incluyendo los envoltorios originales, las instrucciones y dem\u00e1s documentos que en su caso acompa\u00f1en.<\/p>\n\n\n\n<h3 class=\"wp-block-heading\">Cambios y devoluciones<\/h3>\n\n\n\n<p>La Devoluci\u00f3n de cualquier producto deber\u00e1 ser previamente concertada con Sucesores de Emilio Navarro, S.L., y est\u00e1 siempre se producir\u00e1 mediante la Agencia de transportes acordada entre Sucesores de Emilio Navarro, S.L. y el cliente. Sucesores de Emilio Navarro, S.L. garantiza que si no est\u00e1 satisfecho con los productos adquiridos siempre podr\u00e1 devolverlos en un plazo de 14 d\u00edas naturales (seg\u00fan derecho de desestimiento) a contar desde el d\u00eda de recepci\u00f3n de la mercanc\u00eda, a excepci\u00f3n de pedidos que hayan sido elaborados a medida, y siempre que el mismo est\u00e9 en perfectas condiciones y en su embalaje original. Los gastos y gesti\u00f3n de la devoluci\u00f3n correr\u00e1n a cargo del cliente.<br>Si la devoluci\u00f3n se debiera a alguna de las causas m\u00e1s abajo indicada, Sucesores de Emilio Navarro, S.L. se har\u00e1 cargo de los gastos de devoluci\u00f3n sin cargo alguno para el cliente. Sucesores de Emilio Navarro, S.L. solamente aceptar\u00e1 los gastos de transporte ocasionados por la devoluci\u00f3n de la mercanc\u00eda en los siguientes casos:<\/p>\n\n\n\n<ol class=\"wp-block-list\">\n<li>La mercanc\u00eda estuviese defectuosa: A este respecto Sucesores de Emilio Navarro, S.L. estar\u00e1 a lo dispuesto en la Ley de Productos Defectuosos, procediendo a sustituir inmediatamente el producto por otro con id\u00e9nticas condiciones y prestaciones y SIEMPRE QUE EL CLIENTE hubiera cumplido los requisitos establecidos en el punto que describe la entrega.<\/li>\n\n\n\n<li>Sucesores de Emilio Navarro, S.L. proceder\u00e1 igualmente a devolver el importe de la mercanc\u00eda y portes cuando por causas no imputables (ya sean directas o indirectas) a ella, se viese imposibilitado de servirlo.<\/li>\n\n\n\n<li>Sucesores de Emilio Navarro, S.L. aceptar\u00e1 la devoluci\u00f3n de la mercanc\u00eda y se har\u00e1 cargo de los portes cuando por causas imputables a ella, el producto entregado no se correspondiese con el solicitado por el cliente y SIEMPRE QUE EL CLIENTE hubiera cumplido los requisitos establecidos en el punto que describe la entrega.<\/li>\n\n\n\n<li>Sucesores de Emilio Navarro, S.L. aceptar\u00e1 la devoluci\u00f3n de la mercanc\u00eda y se har\u00e1 cargo de los portes si esta llegara a destino con desperfectos o roturas y el comprador lo hiciera constar en la nota de entrega del transportista y mediante aviso antes de 24 horas a trav\u00e9s del e-mail info@brukenpipes.com<\/li>\n<\/ol>\n\n\n\n<p><strong>Para devoluciones contacte con:<\/strong><\/p>\n\n\n\n<p>Sucesores de Emilio Navarro, S.L.<br>Tel. 0034 961 501 023 &#8211; info@bruken.es<br>C\/ Virgen del Remedio, 16. 46960 Aldaia \u2013 Valencia \u2013 Espa\u00f1a.<\/p>\n\n\n\n<p><strong>O rellene el siguiente formulario:<\/strong><\/p>\n\n\n\n<p><a href=\"https:\/\/brukenpipes.com\/profesionales\/cambios-y-devoluciones\/\">&gt; FORMULARIO DE SOLICITUD DE DEVOLUCIONES<\/a><\/p>\n\n\n\n<p>Dispone de un plazo m\u00e1ximo de 14 d\u00edas para solicitar la devoluci\u00f3n desde la recepci\u00f3n de los art\u00edculos.<\/p>\n\n\n\n<h3 class=\"wp-block-heading\">Casos de fuerza mayor<\/h3>\n\n\n\n<p>En caso de fuerza mayor que significativamente impida o haga imposible nuestras obligaciones, nos da derecho a posponer el cumplimiento de nuestras obligaciones, durante el periodo en el que se mantengan las dificultades y podemos extender la fecha l\u00edmite a una nueva fecha apropiada. Igualmente considerando como motivo de fuerza mayor, huelgas, cierre de puertos y condiciones similares que directamente o indirectamente nos afecten.<\/p>\n\n\n\n<h3 class=\"wp-block-heading\">Protecci\u00f3n de datos personales<\/h3>\n\n\n\n<p>Se informa a los usuarios y clientes de brukenpipes.com, que para hacer uso de algunos de los servicios telem\u00e1ticos que les ofrece nuestro portal de Internet, as\u00ed como para facturarle los servicios prestados y proporcionarle las novedades comerciales, enviarle encuestas de satisfacci\u00f3n o para solicitar informaci\u00f3n, es necesario que nos suministre determinados datos de car\u00e1cter personal que, en cumplimiento de la Ley Org\u00e1nica 15\/1999 de Protecci\u00f3n de Datos de Car\u00e1cter Personal (LOPD), ser\u00e1n objeto de tratamiento automatizado e incorporados a nuestros correspondientes ficheros con la exclusiva finalidad de proporcionarle los servicios ofertados.<\/p>\n\n\n\n<h3 class=\"wp-block-heading\">Modificaci\u00f3n de las condiciones generales de venta<\/h3>\n\n\n\n<p>Sucesores de Emilio Navarro, S.L. se reserva el derecho de adaptar o modificar en cualquier momento las presentes condiciones generales de venta. Las nuevas condiciones generales de venta ser\u00e1n accesibles por el cliente a trav\u00e9s de la Web y se ver\u00e1n aplicadas \u00fanicamente en ventas posteriores a la modificaci\u00f3n.<\/p>\n<\/div>\n\n\n\n<div class=\"wp-block-column is-layout-flow wp-block-column-is-layout-flow\" style=\"flex-basis:15%\"><\/div>\n<\/div>\n","protected":false},"excerpt":{"rendered":"<p>T\u00c9RMINOS Y CONDICIONES DE COMPRA Las Condiciones Generales de Venta regulan la relaci\u00f3n de venta a distancia entre Sucesores de Emilio Navarro, S.L. y el usuario o cliente, de acuerdo con las estipulaciones legales, en especial, la Ley 7\/1998, de 13 de abril, sobre Condiciones Generales de Contrataci\u00f3n, la Ley 3\/2014, de 27 de marzo [&hellip;]<\/p>\n","protected":false},"author":1,"featured_media":0,"parent":0,"menu_order":0,"comment_status":"closed","ping_status":"closed","template":"","meta":{"ocean_post_layout":"","ocean_both_sidebars_style":"","ocean_both_sidebars_content_width":0,"ocean_both_sidebars_sidebars_width":0,"ocean_sidebar":"0","ocean_second_sidebar":"0","ocean_disable_margins":"enable","ocean_add_body_class":"","ocean_shortcode_before_top_bar":"","ocean_shortcode_after_top_bar":"","ocean_shortcode_before_header":"","ocean_shortcode_after_header":"","ocean_has_shortcode":"","ocean_shortcode_after_title":"","ocean_shortcode_before_footer_widgets":"","ocean_shortcode_after_footer_widgets":"","ocean_shortcode_before_footer_bottom":"","ocean_shortcode_after_footer_bottom":"","ocean_display_top_bar":"default","ocean_display_header":"default","ocean_header_style":"","ocean_center_header_left_menu":"0","ocean_custom_header_template":"0","ocean_custom_logo":0,"ocean_custom_retina_logo":0,"ocean_custom_logo_max_width":0,"ocean_custom_logo_tablet_max_width":0,"ocean_custom_logo_mobile_max_width":0,"ocean_custom_logo_max_height":0,"ocean_custom_logo_tablet_max_height":0,"ocean_custom_logo_mobile_max_height":0,"ocean_header_custom_menu":"0","ocean_menu_typo_font_family":"0","ocean_menu_typo_font_subset":"","ocean_menu_typo_font_size":0,"ocean_menu_typo_font_size_tablet":0,"ocean_menu_typo_font_size_mobile":0,"ocean_menu_typo_font_size_unit":"px","ocean_menu_typo_font_weight":"","ocean_menu_typo_font_weight_tablet":"","ocean_menu_typo_font_weight_mobile":"","ocean_menu_typo_transform":"","ocean_menu_typo_transform_tablet":"","ocean_menu_typo_transform_mobile":"","ocean_menu_typo_line_height":0,"ocean_menu_typo_line_height_tablet":0,"ocean_menu_typo_line_height_mobile":0,"ocean_menu_typo_line_height_unit":"","ocean_menu_typo_spacing":0,"ocean_menu_typo_spacing_tablet":0,"ocean_menu_typo_spacing_mobile":0,"ocean_menu_typo_spacing_unit":"","ocean_menu_link_color":"","ocean_menu_link_color_hover":"","ocean_menu_link_color_active":"","ocean_menu_link_background":"","ocean_menu_link_hover_background":"","ocean_menu_link_active_background":"","ocean_menu_social_links_bg":"","ocean_menu_social_hover_links_bg":"","ocean_menu_social_links_color":"","ocean_menu_social_hover_links_color":"","ocean_disable_title":"on","ocean_disable_heading":"default","ocean_post_title":"","ocean_post_subheading":"","ocean_post_title_style":"","ocean_post_title_background_color":"","ocean_post_title_background":0,"ocean_post_title_bg_image_position":"","ocean_post_title_bg_image_attachment":"","ocean_post_title_bg_image_repeat":"","ocean_post_title_bg_image_size":"","ocean_post_title_height":0,"ocean_post_title_bg_overlay":0.5,"ocean_post_title_bg_overlay_color":"","ocean_disable_breadcrumbs":"default","ocean_breadcrumbs_color":"","ocean_breadcrumbs_separator_color":"","ocean_breadcrumbs_links_color":"","ocean_breadcrumbs_links_hover_color":"","ocean_display_footer_widgets":"default","ocean_display_footer_bottom":"default","ocean_custom_footer_template":"0","footnotes":""},"class_list":["post-730","page","type-page","status-publish","hentry","entry","owp-thumbs-layout-vertical","owp-btn-normal","owp-tabs-layout-horizontal","has-no-thumbnails"],"_links":{"self":[{"href":"https:\/\/brukenpipes.com\/profesionales\/wp-json\/wp\/v2\/pages\/730","targetHints":{"allow":["GET"]}}],"collection":[{"href":"https:\/\/brukenpipes.com\/profesionales\/wp-json\/wp\/v2\/pages"}],"about":[{"href":"https:\/\/brukenpipes.com\/profesionales\/wp-json\/wp\/v2\/types\/page"}],"author":[{"embeddable":true,"href":"https:\/\/brukenpipes.com\/profesionales\/wp-json\/wp\/v2\/users\/1"}],"replies":[{"embeddable":true,"href":"https:\/\/brukenpipes.com\/profesionales\/wp-json\/wp\/v2\/comments?post=730"}],"version-history":[{"count":15,"href":"https:\/\/brukenpipes.com\/profesionales\/wp-json\/wp\/v2\/pages\/730\/revisions"}],"predecessor-version":[{"id":2501,"href":"https:\/\/brukenpipes.com\/profesionales\/wp-json\/wp\/v2\/pages\/730\/revisions\/2501"}],"wp:attachment":[{"href":"https:\/\/brukenpipes.com\/profesionales\/wp-json\/wp\/v2\/media?parent=730"}],"curies":[{"name":"wp","href":"https:\/\/api.w.org\/{rel}","templated":true}]}}