{"id":2373,"date":"2023-08-04T08:58:50","date_gmt":"2023-08-04T08:58:50","guid":{"rendered":"https:\/\/brukenpipes.com\/profesionales\/?page_id=2373"},"modified":"2023-11-24T09:19:24","modified_gmt":"2023-11-24T09:19:24","slug":"cambios-y-devoluciones-2","status":"publish","type":"page","link":"https:\/\/brukenpipes.com\/profesionales\/cambios-y-devoluciones-2\/","title":{"rendered":"Cambios y devoluciones"},"content":{"rendered":"\n<div class=\"wp-block-columns is-layout-flex wp-container-core-columns-is-layout-9d6595d7 wp-block-columns-is-layout-flex\">\n<div class=\"wp-block-column is-layout-flow wp-block-column-is-layout-flow\" style=\"flex-basis:15%\"><\/div>\n\n\n\n<div class=\"wp-block-column is-layout-flow wp-block-column-is-layout-flow\" style=\"flex-basis:70%\">\n<h2 class=\"wp-block-heading has-text-align-center\">CAMBIOS Y DEVOLUCIONES<\/h2>\n\n\n\n<div style=\"height:40px\" aria-hidden=\"true\" class=\"wp-block-spacer\"><\/div>\n\n\n\n<h3 class=\"wp-block-heading\">Pol\u00edtica de cambios y devoluciones<\/h3>\n\n\n\n<p>La Devoluci\u00f3n de cualquier producto deber\u00e1 ser previamente concertada con Sucesores de Emilio Navarro, S.L., y est\u00e1 siempre se producir\u00e1 mediante la Agencia de transportes acordada entre Sucesores de Emilio Navarro, S.L. y el cliente. Sucesores de Emilio Navarro, S.L. garantiza que si no est\u00e1 satisfecho con los productos adquiridos siempre podr\u00e1 devolverlos en un plazo de 14 d\u00edas naturales (seg\u00fan derecho de desestimiento) a contar desde el d\u00eda de recepci\u00f3n de la mercanc\u00eda, a excepci\u00f3n de pedidos que hayan sido elaborados a medida, y siempre que el mismo est\u00e9 en perfectas condiciones y en su embalaje original. Los gastos y gesti\u00f3n de la devoluci\u00f3n correr\u00e1n a cargo del cliente.<br>Si la devoluci\u00f3n se debiera a alguna de las causas m\u00e1s abajo indicada, Sucesores de Emilio Navarro, S.L. se har\u00e1 cargo de los gastos de devoluci\u00f3n sin cargo alguno para el cliente. Sucesores de Emilio Navarro, S.L. solamente aceptar\u00e1 los gastos de transporte ocasionados por la devoluci\u00f3n de la mercanc\u00eda en los siguientes casos:<\/p>\n\n\n\n<ol class=\"wp-block-list\">\n<li>La mercanc\u00eda estuviese defectuosa: A este respecto Sucesores de Emilio Navarro, S.L. estar\u00e1 a lo dispuesto en la Ley de Productos Defectuosos, procediendo a sustituir inmediatamente el producto por otro con id\u00e9nticas condiciones y prestaciones y SIEMPRE QUE EL CLIENTE hubiera cumplido los requisitos establecidos en el punto que describe la entrega.<\/li>\n\n\n\n<li>Sucesores de Emilio Navarro, S.L. proceder\u00e1 igualmente a devolver el importe de la mercanc\u00eda y portes cuando por causas no imputables (ya sean directas o indirectas) a ella, se viese imposibilitado de servirlo.<\/li>\n\n\n\n<li>Sucesores de Emilio Navarro, S.L. aceptar\u00e1 la devoluci\u00f3n de la mercanc\u00eda y se har\u00e1 cargo de los portes cuando por causas imputables a ella, el producto entregado no se correspondiese con el solicitado por el cliente y SIEMPRE QUE EL CLIENTE hubiera cumplido los requisitos establecidos en el punto que describe la entrega.<\/li>\n\n\n\n<li>Sucesores de Emilio Navarro, S.L. aceptar\u00e1 la devoluci\u00f3n de la mercanc\u00eda y se har\u00e1 cargo de los portes si esta llegara a destino con desperfectos o roturas y el comprador lo hiciera constar en la nota de entrega del transportista y mediante aviso antes de 24 horas a trav\u00e9s del e-mail info@brukenpipes.com<\/li>\n<\/ol>\n\n\n\n<p><strong>Para devoluciones contacte con:<\/strong><\/p>\n\n\n\n<p>Sucesores de Emilio Navarro, S.L.<br>Tel. 0034 961 501 023 &#8211; info@bruken.es<br>C\/ Virgen del Remedio, 16. 46960 Aldaia \u2013 Valencia \u2013 Espa\u00f1a.<\/p>\n\n\n\n<p><strong>O rellene el siguiente formulario:<\/strong><\/p>\n\n\n\n<div class=\"wpcf7 no-js\" id=\"wpcf7-f2363-o1\" lang=\"es-ES\" dir=\"ltr\" data-wpcf7-id=\"2363\">\n<div class=\"screen-reader-response\"><p role=\"status\" aria-live=\"polite\" aria-atomic=\"true\"><\/p> <ul><\/ul><\/div>\n<form action=\"\/profesionales\/wp-json\/wp\/v2\/pages\/2373#wpcf7-f2363-o1\" method=\"post\" class=\"wpcf7-form init\" aria-label=\"Formulario de contacto\" enctype=\"multipart\/form-data\" novalidate=\"novalidate\" data-status=\"init\">\n<fieldset class=\"hidden-fields-container\"><input type=\"hidden\" name=\"_wpcf7\" value=\"2363\" \/><input type=\"hidden\" name=\"_wpcf7_version\" value=\"6.1.5\" \/><input type=\"hidden\" name=\"_wpcf7_locale\" value=\"es_ES\" \/><input type=\"hidden\" name=\"_wpcf7_unit_tag\" value=\"wpcf7-f2363-o1\" \/><input type=\"hidden\" name=\"_wpcf7_container_post\" value=\"0\" \/><input type=\"hidden\" name=\"_wpcf7_posted_data_hash\" value=\"\" \/>\n<\/fieldset>\n<p><label> Nombre y apellidos:<br \/>\n<span class=\"wpcf7-form-control-wrap\" data-name=\"your-name\"><input size=\"40\" maxlength=\"400\" class=\"wpcf7-form-control wpcf7-text wpcf7-validates-as-required\" aria-required=\"true\" aria-invalid=\"false\" value=\"\" type=\"text\" name=\"your-name\" \/><\/span> <\/label>\n<\/p>\n<p><label> Tel\u00e9fono:<br \/>\n<span class=\"wpcf7-form-control-wrap\" data-name=\"your-tel\"><input size=\"40\" maxlength=\"400\" class=\"wpcf7-form-control wpcf7-tel wpcf7-validates-as-required wpcf7-text wpcf7-validates-as-tel\" aria-required=\"true\" aria-invalid=\"false\" value=\"\" type=\"tel\" name=\"your-tel\" \/><\/span> <\/label>\n<\/p>\n<p><label> Correo electr\u00f3nico:<br \/>\n<span class=\"wpcf7-form-control-wrap\" data-name=\"your-email\"><input size=\"40\" maxlength=\"400\" class=\"wpcf7-form-control wpcf7-email wpcf7-validates-as-required wpcf7-text wpcf7-validates-as-email\" aria-required=\"true\" aria-invalid=\"false\" value=\"\" type=\"email\" name=\"your-email\" \/><\/span> <\/label>\n<\/p>\n<p><label> N\u00famero de pedido:<br \/>\n<span class=\"wpcf7-form-control-wrap\" data-name=\"pedido\"><input size=\"40\" maxlength=\"400\" class=\"wpcf7-form-control wpcf7-text wpcf7-validates-as-required\" aria-required=\"true\" aria-invalid=\"false\" value=\"\" type=\"text\" name=\"pedido\" \/><\/span> <\/label>\n<\/p>\n<p><label> Solicito:<br \/>\n<span class=\"wpcf7-form-control-wrap\" data-name=\"solicita\"><select class=\"wpcf7-form-control wpcf7-select wpcf7-validates-as-required\" aria-required=\"true\" aria-invalid=\"false\" name=\"solicita\"><option value=\"Cambio\">Cambio<\/option><option value=\"Devoluci\u00f3n\">Devoluci\u00f3n<\/option><\/select><\/span> <\/label>\n<\/p>\n<p><label> Motivo del cambio o devoluci\u00f3n:<br \/>\n<span class=\"wpcf7-form-control-wrap\" data-name=\"your-message\"><textarea cols=\"40\" rows=\"10\" maxlength=\"2000\" class=\"wpcf7-form-control wpcf7-textarea\" aria-invalid=\"false\" name=\"your-message\"><\/textarea><\/span> <\/label>\n<\/p>\n<p><label> En caso de haber recibido un producto con alg\u00fan tipo de defecto adjunte una foto donde se aprecie con detalle el problema:<br \/>\n<span class=\"wpcf7-form-control-wrap\" data-name=\"fotodefecto\"><input size=\"40\" class=\"wpcf7-form-control wpcf7-file\" accept=\".jpg,.pdf,.png,.tiff\" aria-invalid=\"false\" type=\"file\" name=\"fotodefecto\" \/><\/span> <\/label>\n<\/p>\n<p>Tama\u00f1o m\u00e1ximo del archivo 10M. Formatos permitidos: jpg, pdf, png, tiff.\n<\/p>\n<p><span class=\"wpcf7-form-control-wrap\" data-name=\"acceptacion-privacidad\"><span class=\"wpcf7-form-control wpcf7-acceptance\"><span class=\"wpcf7-list-item\"><label><input type=\"checkbox\" name=\"acceptacion-privacidad\" value=\"1\" aria-invalid=\"false\" \/><span class=\"wpcf7-list-item-label\">He le\u00eddo y acepto la <a href=\"https:\/\/brukenpipes.com\/profesionales\/politica-de-privacidad\/\" target=\"_blank\">Pol\u00edtica de Privacidad<\/a><\/span><\/label><\/span><\/span><\/span>\n<\/p>\n<p><input class=\"wpcf7-form-control wpcf7-submit has-spinner\" type=\"submit\" value=\"Enviar\" \/>\n<\/p><div class=\"wpcf7-response-output\" aria-hidden=\"true\"><\/div>\n<\/form>\n<\/div>\n\n\n\n\n<p>Dispone de un plazo m\u00e1ximo de 14 d\u00edas para solicitar la devoluci\u00f3n desde la recepci\u00f3n de los art\u00edculos.<\/p>\n\n\n\n<p>Para m\u00e1s informaci\u00f3n puede consultar los <a href=\"https:\/\/brukenpipes.com\/profesionales\/terminos-y-condiciones-de-compra\/\">T\u00e9rminos y condiciones de compra<\/a>.<\/p>\n<\/div>\n\n\n\n<div class=\"wp-block-column is-layout-flow wp-block-column-is-layout-flow\" style=\"flex-basis:15%\"><\/div>\n<\/div>\n","protected":false},"excerpt":{"rendered":"<p>CAMBIOS Y DEVOLUCIONES Pol\u00edtica de cambios y devoluciones La Devoluci\u00f3n de cualquier producto deber\u00e1 ser previamente concertada con Sucesores de Emilio Navarro, S.L., y est\u00e1 siempre se producir\u00e1 mediante la Agencia de transportes acordada entre Sucesores de Emilio Navarro, S.L. y el cliente. Sucesores de Emilio Navarro, S.L. garantiza que si no est\u00e1 satisfecho con [&hellip;]<\/p>\n","protected":false},"author":1,"featured_media":0,"parent":0,"menu_order":0,"comment_status":"closed","ping_status":"closed","template":"","meta":{"ocean_post_layout":"","ocean_both_sidebars_style":"","ocean_both_sidebars_content_width":0,"ocean_both_sidebars_sidebars_width":0,"ocean_sidebar":"0","ocean_second_sidebar":"0","ocean_disable_margins":"enable","ocean_add_body_class":"","ocean_shortcode_before_top_bar":"","ocean_shortcode_after_top_bar":"","ocean_shortcode_before_header":"","ocean_shortcode_after_header":"","ocean_has_shortcode":"","ocean_shortcode_after_title":"","ocean_shortcode_before_footer_widgets":"","ocean_shortcode_after_footer_widgets":"","ocean_shortcode_before_footer_bottom":"","ocean_shortcode_after_footer_bottom":"","ocean_display_top_bar":"default","ocean_display_header":"default","ocean_header_style":"","ocean_center_header_left_menu":"0","ocean_custom_header_template":"0","ocean_custom_logo":0,"ocean_custom_retina_logo":0,"ocean_custom_logo_max_width":0,"ocean_custom_logo_tablet_max_width":0,"ocean_custom_logo_mobile_max_width":0,"ocean_custom_logo_max_height":0,"ocean_custom_logo_tablet_max_height":0,"ocean_custom_logo_mobile_max_height":0,"ocean_header_custom_menu":"0","ocean_menu_typo_font_family":"0","ocean_menu_typo_font_subset":"","ocean_menu_typo_font_size":0,"ocean_menu_typo_font_size_tablet":0,"ocean_menu_typo_font_size_mobile":0,"ocean_menu_typo_font_size_unit":"px","ocean_menu_typo_font_weight":"","ocean_menu_typo_font_weight_tablet":"","ocean_menu_typo_font_weight_mobile":"","ocean_menu_typo_transform":"","ocean_menu_typo_transform_tablet":"","ocean_menu_typo_transform_mobile":"","ocean_menu_typo_line_height":0,"ocean_menu_typo_line_height_tablet":0,"ocean_menu_typo_line_height_mobile":0,"ocean_menu_typo_line_height_unit":"","ocean_menu_typo_spacing":0,"ocean_menu_typo_spacing_tablet":0,"ocean_menu_typo_spacing_mobile":0,"ocean_menu_typo_spacing_unit":"","ocean_menu_link_color":"","ocean_menu_link_color_hover":"","ocean_menu_link_color_active":"","ocean_menu_link_background":"","ocean_menu_link_hover_background":"","ocean_menu_link_active_background":"","ocean_menu_social_links_bg":"","ocean_menu_social_hover_links_bg":"","ocean_menu_social_links_color":"","ocean_menu_social_hover_links_color":"","ocean_disable_title":"on","ocean_disable_heading":"default","ocean_post_title":"","ocean_post_subheading":"","ocean_post_title_style":"","ocean_post_title_background_color":"","ocean_post_title_background":0,"ocean_post_title_bg_image_position":"","ocean_post_title_bg_image_attachment":"","ocean_post_title_bg_image_repeat":"","ocean_post_title_bg_image_size":"","ocean_post_title_height":0,"ocean_post_title_bg_overlay":0.5,"ocean_post_title_bg_overlay_color":"","ocean_disable_breadcrumbs":"default","ocean_breadcrumbs_color":"","ocean_breadcrumbs_separator_color":"","ocean_breadcrumbs_links_color":"","ocean_breadcrumbs_links_hover_color":"","ocean_display_footer_widgets":"default","ocean_display_footer_bottom":"default","ocean_custom_footer_template":"0","footnotes":""},"class_list":["post-2373","page","type-page","status-publish","hentry","entry","owp-thumbs-layout-vertical","owp-btn-normal","owp-tabs-layout-horizontal","has-no-thumbnails"],"_links":{"self":[{"href":"https:\/\/brukenpipes.com\/profesionales\/wp-json\/wp\/v2\/pages\/2373","targetHints":{"allow":["GET"]}}],"collection":[{"href":"https:\/\/brukenpipes.com\/profesionales\/wp-json\/wp\/v2\/pages"}],"about":[{"href":"https:\/\/brukenpipes.com\/profesionales\/wp-json\/wp\/v2\/types\/page"}],"author":[{"embeddable":true,"href":"https:\/\/brukenpipes.com\/profesionales\/wp-json\/wp\/v2\/users\/1"}],"replies":[{"embeddable":true,"href":"https:\/\/brukenpipes.com\/profesionales\/wp-json\/wp\/v2\/comments?post=2373"}],"version-history":[{"count":4,"href":"https:\/\/brukenpipes.com\/profesionales\/wp-json\/wp\/v2\/pages\/2373\/revisions"}],"predecessor-version":[{"id":2467,"href":"https:\/\/brukenpipes.com\/profesionales\/wp-json\/wp\/v2\/pages\/2373\/revisions\/2467"}],"wp:attachment":[{"href":"https:\/\/brukenpipes.com\/profesionales\/wp-json\/wp\/v2\/media?parent=2373"}],"curies":[{"name":"wp","href":"https:\/\/api.w.org\/{rel}","templated":true}]}}