{"id":2367,"date":"2023-08-04T08:49:18","date_gmt":"2023-08-04T08:49:18","guid":{"rendered":"https:\/\/brukenpipes.com\/profesionales\/?page_id=2367"},"modified":"2023-11-24T09:19:52","modified_gmt":"2023-11-24T09:19:52","slug":"politica-de-privacidad","status":"publish","type":"page","link":"https:\/\/brukenpipes.com\/profesionales\/politica-de-privacidad\/","title":{"rendered":"Pol\u00edtica de Privacidad"},"content":{"rendered":"\n<div class=\"wp-block-columns is-layout-flex wp-container-core-columns-is-layout-9d6595d7 wp-block-columns-is-layout-flex\">\n<div class=\"wp-block-column is-layout-flow wp-block-column-is-layout-flow\" style=\"flex-basis:15%\"><\/div>\n\n\n\n<div class=\"wp-block-column is-layout-flow wp-block-column-is-layout-flow\" style=\"flex-basis:70%\">\n<h2 class=\"wp-block-heading has-text-align-center\">POL\u00cdTICA DE PRIVACIDAD<\/h2>\n\n\n\n<div style=\"height:40px\" aria-hidden=\"true\" class=\"wp-block-spacer\"><\/div>\n\n\n\n<p>Sucesores de Emilio Navarro, S.L. informa a los usuarios de su p\u00e1gina web, <a href=\"https:\/\/brukenpipes.com\/profesionales\">www.brukenpipes.com<\/a> sobre el tratamiento y protecci\u00f3n de los datos de car\u00e1cter personal que puedan ser recabados mediante la navegaci\u00f3n, compra de productos o contrataci\u00f3n de servicios que realicen en este portal. El uso de esta web por parte del usuario conlleva la aceptaci\u00f3n de esta Pol\u00edtica de Privacidad.<\/p>\n\n\n\n<p>Esta web cumple el Reglamento (UE) 2016\/679 del Parlamento Europeo y del Consejo, de 27 de abril de 2016, relativo a la protecci\u00f3n de las personas f\u00edsicas en lo que respecta al tratamiento de datos personales y a la libre circulaci\u00f3n de estos datos y por el que se deroga la Directiva 95\/46\/CE (En adelante, RGPD).<\/p>\n\n\n\n<h3 class=\"wp-block-heading\">Datos identificadores<\/h3>\n\n\n\n<p>El responsable del tratamiento de los datos personales que el usuario facilite al acceder y utilizar el sitio web, es, en calidad de propietario:<\/p>\n\n\n\n<p><strong>Sucesores de Emilio Navarro, S.L.<\/strong><br>B46046140<br>C\/ Virgen del Remedio, 16. 46960 Aldaia \u2013 Valencia \u2013 Espa\u00f1a.<br>Tel. 0034 961 501 023<br>info@bruken.es<\/p>\n\n\n\n<p>Sucesores de Emilio Navarro, S.L. se compromete a aplicar las medidas de seguridad inform\u00e1tica previstas en la normativa citada previamente, con el objetivo de impedir el acceso o uso indebido de los datos, su manipulaci\u00f3n, deterioro o p\u00e9rdida.<\/p>\n\n\n\n<h3 class=\"wp-block-heading\">Duraci\u00f3n del almacenamiento<\/h3>\n\n\n\n<p>SUCESORES DE EMILIO NAVARRO, S.L., como responsable del tratamiento, se compromete a almacenar y gestionar los datos personales e informaci\u00f3n recogida mediante esta p\u00e1gina web con la debida confidencialidad mientras se mantenga la relaci\u00f3n profesional o comercial y la persona interesada no solicite su supresi\u00f3n, y en su caso, por un plazo no superior a 6 a\u00f1os, a contar desde la finalizaci\u00f3n de la relaci\u00f3n comercial establecida entre el usuario y&nbsp; SUCESORES DE EMILIO NAVARRO, S.L. No obstante, el responsable del tratamiento podr\u00e1 conservar, debidamente bloqueados, los datos para atender posibles responsabilidades administrativas o legales.<\/p>\n\n\n\n<h3 class=\"wp-block-heading\">Finalidades<\/h3>\n\n\n\n<p>Las operaciones, gestiones y procedimientos t\u00e9cnicos, ya sean realizados de forma automatizada como no automatizada, que posibiliten la recogida, almacenamiento, modificaci\u00f3n, transferencia y otras acciones sobre datos de car\u00e1cter personal, tienen la consideraci\u00f3n de tratamiento de datos personales.<\/p>\n\n\n\n<p>SUCESORES DE EMILIO NAVARRO, S.L. trata los datos personales que el usuario facilita a trav\u00e9s de <a href=\"https:\/\/brukenpipes.com\/profesionales\">www.brukenpipes.com<\/a> con el fin de incluirlos en la agenda de contactos, gestionar la relaci\u00f3n comercial solicitada y utilizar as\u00ed esta informaci\u00f3n como medio de contacto. Adem\u00e1s, el tratamiento de estos datos recabados tambi\u00e9n implica gestionar el env\u00edo de productos y\/o informaci\u00f3n, as\u00ed como poder responder a las consultas o cuestiones que el usuario remita a trav\u00e9s del sitio web, facilitando a su vez a los interesados las ofertas de servicios y\/o productos que sean de su inter\u00e9s.<\/p>\n\n\n\n<p>El usuario puede oponerse al env\u00edo de comunicaciones comerciales en cualquier momento mediante el env\u00edo de un mensaje de correo electr\u00f3nico a info@brukenpipes.com<\/p>\n\n\n\n<p>El suministro de datos personales requiere una edad m\u00ednima de 14 a\u00f1os, o en su caso, disponer de capacidad jur\u00eddica suficiente para contratar.<\/p>\n\n\n\n<p>Los datos personales solicitados son necesarios para gestionar las solicitudes, enviar los productos y\/o prestar los servicios que puedan ser contratados, por lo que, si no se facilitan, SUCESORES DE EMILIO NAVARRO, S.L. no podr\u00e1 atender correctamente ni prestar el servicio solicitado.<\/p>\n\n\n\n<p>Es importante que, para mantener sus datos personales actualizados, informe de cualquier modificaci\u00f3n en ellos, en caso contrario, SUCESORES DE EMILIO NAVARRO, S.L. no se responsabilizar\u00e1 de la veracidad de estos.<\/p>\n\n\n\n<p>SUCESORES DE EMILIO NAVARRO, S.L. no se hace responsables de la pol\u00edtica de privacidad respecto a los datos personales que pueda facilitar a terceros por medio de los enlaces disponibles en esta p\u00e1gina web.<\/p>\n\n\n\n<h3 class=\"wp-block-heading\">Legitimaci\u00f3n<\/h3>\n\n\n\n<p>El tratamiento de los datos personales que proporciona el usuario se realiza en base a las siguientes bases jur\u00eddicas que legitiman el mismo:<\/p>\n\n\n\n<p>La venta por parte de SUCESORES DE EMILIO NAVARRO, S.L. del producto solicitado, conforme a las Condiciones Generales de Venta. Para poder llevar a cabo esta relaci\u00f3n comercial, el interesado est\u00e1 obligado a facilitar sus datos.<\/p>\n\n\n\n<p>El consentimiento libre, espec\u00edfico, informado e inequ\u00edvoco, ya que tras la lectura de la presente Pol\u00edtica de Privacidad el usuario queda informado y, en caso de estar conforme, puede aceptarla mediante una declaraci\u00f3n o una clara acci\u00f3n afirmativa, como el marcado de una casilla que se dispone al efecto.<\/p>\n\n\n\n<p>En el caso de que el interesado no facilite los datos mencionados o \u00e9stos sean err\u00f3neos o inexactos, no podremos atender su solicitud, resultando imposible proporcionarle la informaci\u00f3n requerida o llevar a cabo la venta de los productos. Por tanto, el responsable del tratamiento quedar\u00e1 exonerado de toda responsabilidad que pudiera derivarse de la no ejecuci\u00f3n del encargo comercial o de las consecuencias que se deriven de estas informaciones inexactas o err\u00f3neas.<\/p>\n\n\n\n<h3 class=\"wp-block-heading\">Comunicaci\u00f3n de datos<\/h3>\n\n\n\n<p>Con car\u00e1cter general SUCESORES DE EMILIO NAVARRO, S.L.<\/p>\n\n\n\n<p>No comunicar\u00e1 estos datos personales a terceros, con la salvedad de que la prestaci\u00f3n implique la necesidad de una relaci\u00f3n contractual con un encargado de tratamiento (como puede ser la empresa de reparto) y ello sea estrictamente necesario para gestionar y mantener la relaci\u00f3n comercial. Esto se har\u00e1 s\u00f3lo durante el tiempo imprescindible para posibilitar la ejecuci\u00f3n del encargo, y en las mismas condiciones y con la misma responsabilidad que se le exigen al responsable. Una vez finalizado el encargo, el encargado del tratamiento devolver\u00e1 al responsable los datos personales y suprimir\u00e1 cualquier copia de la que disponga. <br>Por otra parte, s\u00f3lo tendr\u00e1n derecho a acceder a estos datos personales los terceros con los que SUCESORES DE EMILIO NAVARRO, S.L. tenga una obligaci\u00f3n legal o contractual de facilitarlos.<\/p>\n\n\n\n<h3 class=\"wp-block-heading\">Derechos de los interesados<\/h3>\n\n\n\n<p>El usuario podr\u00e1 ejercitar en todo momento, en los t\u00e9rminos establecidos en la legislaci\u00f3n vigente, los derechos de acceso, rectificaci\u00f3n o supresi\u00f3n de datos, solicitar que se limite el tratamiento, oponerse al mismo, solicitar la portabilidad de sus datos, as\u00ed como revocar el consentimiento prestado, derechos reconocidos en Reglamento (UE) 2016\/679 del Parlamento Europeo y del Consejo, de 27 de abril de 2016, relativo a la protecci\u00f3n de las personas f\u00edsicas en lo que respecta al tratamiento de datos personales y a la libre circulaci\u00f3n de estos datos, as\u00ed como a la Ley Org\u00e1nica 3\/2018, de 5 de diciembre, de Protecci\u00f3n de Datos Personales y garant\u00eda de los derechos digitales.<\/p>\n\n\n\n<p>El ejercicio de estos derechos puede realizarlo el propio usuario dirigi\u00e9ndose a SUCESORES DE EMILIO NAVARRO, S.L. en la direcci\u00f3n indicada anteriormente; a trav\u00e9s del env\u00edo de un correo electr\u00f3nico o a la direcci\u00f3n postal.<\/p>\n\n\n\n<p>Para el efectivo ejercicio de estos derechos, el usuario deber\u00e1 acreditar su identidad facilitando su nombre y apellidos, fotocopia del DNI o documento identificativo equivalente que acredite su identidad, petici\u00f3n en la que se concrete la solicitud, direcci\u00f3n a efectos de notificaciones, y fecha y firma del solicitante.<\/p>\n\n\n\n<p>Asimismo, el usuario podr\u00e1 reclamar ante la Agencia Espa\u00f1ola de Protecci\u00f3n de Datos (Autoridad de Control competente en esta materia), especialmente cuando no haya obtenido satisfacci\u00f3n en el ejercicio de sus derechos, mediante escrito dirigido a misma, C\/Jorge Juan 6, 28001 &#8211; Madrid, o a trav\u00e9s de la web: https:\/\/www.agpd.es<\/p>\n\n\n\n<h3 class=\"wp-block-heading\">Aceptaci\u00f3n y consentimiento<\/h3>\n\n\n\n<p>El usuario declara haber sido informado de las condiciones sobre protecci\u00f3n de datos de car\u00e1cter personal, aceptando y consintiendo el tratamiento de los mismos por parte de SUCESORES DE EMILIO NAVARRO, S.L. en la forma y para las finalidades indicadas en esta Pol\u00edtica de Privacidad.<\/p>\n\n\n\n<h3 class=\"wp-block-heading\">Modificaci\u00f3n en la pol\u00edtica de privacidad<\/h3>\n\n\n\n<p>La presente Pol\u00edtica de Privacidad puede ser modificada para adaptarla a los cambios que se produzca en la web, as\u00ed como modificaciones legislativas o jurisprudenciales sobre datos personales que vayan apareciendo, por lo que exige su lectura, cada vez que facilite sus datos.<\/p>\n<\/div>\n\n\n\n<div class=\"wp-block-column is-layout-flow wp-block-column-is-layout-flow\" style=\"flex-basis:15%\"><\/div>\n<\/div>\n","protected":false},"excerpt":{"rendered":"<p>POL\u00cdTICA DE PRIVACIDAD Sucesores de Emilio Navarro, S.L. informa a los usuarios de su p\u00e1gina web, www.brukenpipes.com sobre el tratamiento y protecci\u00f3n de los datos de car\u00e1cter personal que puedan ser recabados mediante la navegaci\u00f3n, compra de productos o contrataci\u00f3n de servicios que realicen en este portal. El uso de esta web por parte del [&hellip;]<\/p>\n","protected":false},"author":1,"featured_media":0,"parent":0,"menu_order":0,"comment_status":"closed","ping_status":"closed","template":"","meta":{"ocean_post_layout":"","ocean_both_sidebars_style":"","ocean_both_sidebars_content_width":0,"ocean_both_sidebars_sidebars_width":0,"ocean_sidebar":"0","ocean_second_sidebar":"0","ocean_disable_margins":"enable","ocean_add_body_class":"","ocean_shortcode_before_top_bar":"","ocean_shortcode_after_top_bar":"","ocean_shortcode_before_header":"","ocean_shortcode_after_header":"","ocean_has_shortcode":"","ocean_shortcode_after_title":"","ocean_shortcode_before_footer_widgets":"","ocean_shortcode_after_footer_widgets":"","ocean_shortcode_before_footer_bottom":"","ocean_shortcode_after_footer_bottom":"","ocean_display_top_bar":"default","ocean_display_header":"default","ocean_header_style":"","ocean_center_header_left_menu":"0","ocean_custom_header_template":"0","ocean_custom_logo":0,"ocean_custom_retina_logo":0,"ocean_custom_logo_max_width":0,"ocean_custom_logo_tablet_max_width":0,"ocean_custom_logo_mobile_max_width":0,"ocean_custom_logo_max_height":0,"ocean_custom_logo_tablet_max_height":0,"ocean_custom_logo_mobile_max_height":0,"ocean_header_custom_menu":"0","ocean_menu_typo_font_family":"0","ocean_menu_typo_font_subset":"","ocean_menu_typo_font_size":0,"ocean_menu_typo_font_size_tablet":0,"ocean_menu_typo_font_size_mobile":0,"ocean_menu_typo_font_size_unit":"px","ocean_menu_typo_font_weight":"","ocean_menu_typo_font_weight_tablet":"","ocean_menu_typo_font_weight_mobile":"","ocean_menu_typo_transform":"","ocean_menu_typo_transform_tablet":"","ocean_menu_typo_transform_mobile":"","ocean_menu_typo_line_height":0,"ocean_menu_typo_line_height_tablet":0,"ocean_menu_typo_line_height_mobile":0,"ocean_menu_typo_line_height_unit":"","ocean_menu_typo_spacing":0,"ocean_menu_typo_spacing_tablet":0,"ocean_menu_typo_spacing_mobile":0,"ocean_menu_typo_spacing_unit":"","ocean_menu_link_color":"","ocean_menu_link_color_hover":"","ocean_menu_link_color_active":"","ocean_menu_link_background":"","ocean_menu_link_hover_background":"","ocean_menu_link_active_background":"","ocean_menu_social_links_bg":"","ocean_menu_social_hover_links_bg":"","ocean_menu_social_links_color":"","ocean_menu_social_hover_links_color":"","ocean_disable_title":"on","ocean_disable_heading":"default","ocean_post_title":"","ocean_post_subheading":"","ocean_post_title_style":"","ocean_post_title_background_color":"","ocean_post_title_background":0,"ocean_post_title_bg_image_position":"","ocean_post_title_bg_image_attachment":"","ocean_post_title_bg_image_repeat":"","ocean_post_title_bg_image_size":"","ocean_post_title_height":0,"ocean_post_title_bg_overlay":0.5,"ocean_post_title_bg_overlay_color":"","ocean_disable_breadcrumbs":"default","ocean_breadcrumbs_color":"","ocean_breadcrumbs_separator_color":"","ocean_breadcrumbs_links_color":"","ocean_breadcrumbs_links_hover_color":"","ocean_display_footer_widgets":"default","ocean_display_footer_bottom":"default","ocean_custom_footer_template":"0","footnotes":""},"class_list":["post-2367","page","type-page","status-publish","hentry","entry","owp-thumbs-layout-vertical","owp-btn-normal","owp-tabs-layout-horizontal","has-no-thumbnails"],"_links":{"self":[{"href":"https:\/\/brukenpipes.com\/profesionales\/wp-json\/wp\/v2\/pages\/2367","targetHints":{"allow":["GET"]}}],"collection":[{"href":"https:\/\/brukenpipes.com\/profesionales\/wp-json\/wp\/v2\/pages"}],"about":[{"href":"https:\/\/brukenpipes.com\/profesionales\/wp-json\/wp\/v2\/types\/page"}],"author":[{"embeddable":true,"href":"https:\/\/brukenpipes.com\/profesionales\/wp-json\/wp\/v2\/users\/1"}],"replies":[{"embeddable":true,"href":"https:\/\/brukenpipes.com\/profesionales\/wp-json\/wp\/v2\/comments?post=2367"}],"version-history":[{"count":3,"href":"https:\/\/brukenpipes.com\/profesionales\/wp-json\/wp\/v2\/pages\/2367\/revisions"}],"predecessor-version":[{"id":2468,"href":"https:\/\/brukenpipes.com\/profesionales\/wp-json\/wp\/v2\/pages\/2367\/revisions\/2468"}],"wp:attachment":[{"href":"https:\/\/brukenpipes.com\/profesionales\/wp-json\/wp\/v2\/media?parent=2367"}],"curies":[{"name":"wp","href":"https:\/\/api.w.org\/{rel}","templated":true}]}}